{"id":145,"date":"2022-04-06T01:39:46","date_gmt":"2022-04-06T01:39:46","guid":{"rendered":"http:\/\/gatosiberiano.com.br\/?page_id=145"},"modified":"2022-04-06T04:33:13","modified_gmt":"2022-04-06T04:33:13","slug":"nossa-historia","status":"publish","type":"page","link":"https:\/\/gatosiberiano.com.br\/?page_id=145","title":{"rendered":"NOSSA HIST\u00d3RIA"},"content":{"rendered":"\n<p><strong>Nossa Hist\u00f3ria: Por que os Gatos Siberianos?<\/strong><\/p>\n\n\n\n<p>O <strong>Gatil Forest Passion<\/strong> nasceu de uma paix\u00e3o inesperada pelos Gatos Siberianos.<\/p>\n\n\n\n<p>Nunca tivemos gatos! H\u00e1 poucos anos atr\u00e1s, as \u00fanicas bolas de p\u00ealos que nos lambiam eram os nossos lindos c\u00e3ezinhos.<\/p>\n\n\n\n<p>Quando nos mudamos para S\u00e3o Paulo, a nossa cadelinha <a href=\"https:\/\/www.instagram.com\/brena_kukirodrigues\/\">Brena<\/a>&nbsp;preferiu morar com os nossos pais. Pelo fato de trabalharmos o dia todo, ela sofreria demais ficando sozinha no apartamento.<\/p>\n\n\n\n<div class=\"wp-block-image\"><figure class=\"alignleft size-large is-resized\"><img decoding=\"async\" loading=\"lazy\" src=\"http:\/\/gatosiberiano.com.br\/wp-content\/uploads\/2022\/04\/Breninha-2.png\" alt=\"\" class=\"wp-image-217\" width=\"349\" height=\"438\" srcset=\"https:\/\/gatosiberiano.com.br\/wp-content\/uploads\/2022\/04\/Breninha-2.png 698w, https:\/\/gatosiberiano.com.br\/wp-content\/uploads\/2022\/04\/Breninha-2-239x300.png 239w\" sizes=\"(max-width: 349px) 100vw, 349px\" \/><figcaption>Breninha ( 2004 &#8211; 2020) <\/figcaption><\/figure><\/div>\n\n\n\n<p>Foi triste n\u00e3o v\u00ea-la todos os dias, mas o bem estar do animal est\u00e1 sempre em primeiro lugar para n\u00f3s. Atualmente ela est\u00e1 feliz morando com o seu irm\u00e3o\u00a0<a href=\"https:\/\/www.instagram.com\/brena_kukirodrigues\/\">Kuki.<\/a><\/p>\n\n\n\n<p>A falta de um peludo em casa, nos fez pesquisar sobre a experi\u00eancia de ter um bichano, essa criatura misteriosa e mal compreendida por alguns brasileiros. Descobrimos\u00a0que al\u00e9m de serem mais independentes e dormirem a maior parte do dia, s\u00e3o mais limpinhos do que os c\u00e3es.<\/p>\n\n\n\n<p>Pensamos em ado\u00e7\u00e3o, mas isso seria complicado, pois um dos propriet\u00e1rios do gatil \u00e9 al\u00e9rgico \u00e0 prote\u00edna Feld1, que est\u00e1 presente na saliva dos gatos e se fixa no p\u00ealo quando se lambem. Mesmo assim n\u00e3o desistimos e ap\u00f3s algumas pesquisas, descobrimos um felino dom\u00e9stico naturalmente hipoalerg\u00eanico: O Gato Siberiano.<\/p>\n\n\n\n<p>Teriam criadores desta ra\u00e7a no Brasil? Teriam filhotes dispon\u00edveis?<\/p>\n\n\n\n<p>Para a nossa sorte, o Gatil Winter Soul que at\u00e9 ent\u00e3o eram os \u00fanicos criadores de Siberianos no Brasil, nos apresentou esta maravilhosa ra\u00e7a de gatos.<\/p>\n\n\n\n<p>Foi o nosso primeiro gato,&nbsp;<a href=\"http:\/\/www.instagram.com\/mimi_the_siberiancat\">Michelangelo<\/a>, um siberiano carinhoso e inteligente, que nos despertou o desejo de criar a ra\u00e7a,&nbsp;al\u00e9m de raz\u00f5es como o seu charme, gentileza e a personalidade &#8220;gato-c\u00e3o&#8221;.<\/p>\n\n\n\n<div class=\"wp-block-image\"><figure class=\"alignleft size-large is-resized\"><img decoding=\"async\" loading=\"lazy\" src=\"http:\/\/gatosiberiano.com.br\/wp-content\/uploads\/2022\/04\/Mimi.png\" alt=\"\" class=\"wp-image-154\" width=\"400\" height=\"400\" srcset=\"https:\/\/gatosiberiano.com.br\/wp-content\/uploads\/2022\/04\/Mimi.png 872w, https:\/\/gatosiberiano.com.br\/wp-content\/uploads\/2022\/04\/Mimi-300x300.png 300w, https:\/\/gatosiberiano.com.br\/wp-content\/uploads\/2022\/04\/Mimi-150x150.png 150w, https:\/\/gatosiberiano.com.br\/wp-content\/uploads\/2022\/04\/Mimi-768x768.png 768w, https:\/\/gatosiberiano.com.br\/wp-content\/uploads\/2022\/04\/Mimi-100x100.png 100w\" sizes=\"(max-width: 400px) 100vw, 400px\" \/><figcaption>Michel\u00e2ngelo (Mimi)<\/figcaption><\/figure><\/div>\n\n\n\n<p>Bastou alguns meses de conviv\u00eancia com o <a href=\"https:\/\/www.instagram.com\/mimi_the_siberiancat\/\">Mimi<\/a> &nbsp;para que todos os nossos pr\u00e9-conceitos sobre os felinos fossem desconstru\u00eddos.<\/p>\n\n\n\n<p>Indiferen\u00e7a?&nbsp;Ele nos segue pela casa. N\u00e3o sente falta do dono? Ele nos recebe na porta! N\u00e3o gosta do dono? Mimi pede carinho e dorme na cama! Fazem bagun\u00e7a? Ele brinca perto de objetos decorativos sem derrubar! Gatos arranham? Ele nunca passou as suas garras na nossa pele!<\/p>\n\n\n\n<p>O Gato Siberiano \u00e9 um amigo leal e pr\u00f3ximo da fam\u00edlia. Eles s\u00e3o afetuosos e brincalh\u00f5es. Se adaptam facilmente \u00e0s mudan\u00e7as e podem aprender a caminhar com uma coleira ou andar no carro com muita facilidade. &nbsp;S\u00e3o extremamente habilidosos e ex\u00edmios saltadores.<\/p>\n\n\n\n<p>N\u00e3o podemos negar que amamos a apar\u00eancia selvagem do Gato Siberiano e que isso influenciou bastante na decis\u00e3o de criarmos a ra\u00e7a, entretanto, o que mais nos impressiona \u00e9 a sua SA\u00daDE.<\/p>\n\n\n\n<p>Os Siberianos s\u00e3o gatos robustos e saud\u00e1veis. Por ser uma ra\u00e7a natural, n\u00e3o existe nenhuma doen\u00e7a gen\u00e9tica espec\u00edfica associada \u00e0 ra\u00e7a.<\/p>\n\n\n\n<p>Eles produzem muito pouco a prote\u00edna <strong><em>Feld1<\/em><\/strong> que est\u00e1 presente na saliva dos gatos e causa alergias em humanos. Em resumo, uma pessoa al\u00e9rgica ter\u00e1 mais chances de viver com um Siberiano sem problemas, do que com um gato de outras ra\u00e7as.<\/p>\n\n\n\n<p>Por isso, convidamos voc\u00ea a fazer a sua pr\u00f3pria pesquisa e estamos confiantes de que voc\u00ea chegar\u00e1 \u00e0 mesma conclus\u00e3o que n\u00f3s: O Gato Siberiano \u00e9 uma ra\u00e7a extremamente saud\u00e1vel e uma das menos manipuladas pelo homem.<\/p>\n\n\n\n<p>D\u00ea uma volta no nosso site e conhe\u00e7a os nossos gatos.<\/p>\n\n\n\n<p>Qualquer d\u00favida \u00e9 s\u00f3 perguntar!<\/p>\n\n\n\n<p>Atualiza\u00e7\u00e3o: <em>Infelizmente a <strong>Breninha <\/strong>virou estrelinha em 16\/12\/2020. <strong>Te amaremos pra sempre Breninha!<\/strong><\/em><\/p>\n\n\n\n<p><strong>Gatil Forest Passion\u00ae<\/strong><\/p>\n\n\n\n<p><\/p>\n\n\n\n<a class=\"maxbutton-5 maxbutton maxbutton-voltar\" href=\"\/\"><span class='mb-text'>Voltar<\/span><\/a>\n<div class=\"pvc_clear\"><\/div><p class=\"pvc_stats all \" data-element-id=\"145\" style=\"\"><i class=\"pvc-stats-icon medium\" aria-hidden=\"true\"><svg aria-hidden=\"true\" focusable=\"false\" data-prefix=\"far\" data-icon=\"chart-bar\" role=\"img\" xmlns=\"http:\/\/www.w3.org\/2000\/svg\" viewBox=\"0 0 512 512\" class=\"svg-inline--fa fa-chart-bar fa-w-16 fa-2x\"><path fill=\"currentColor\" d=\"M396.8 352h22.4c6.4 0 12.8-6.4 12.8-12.8V108.8c0-6.4-6.4-12.8-12.8-12.8h-22.4c-6.4 0-12.8 6.4-12.8 12.8v230.4c0 6.4 6.4 12.8 12.8 12.8zm-192 0h22.4c6.4 0 12.8-6.4 12.8-12.8V140.8c0-6.4-6.4-12.8-12.8-12.8h-22.4c-6.4 0-12.8 6.4-12.8 12.8v198.4c0 6.4 6.4 12.8 12.8 12.8zm96 0h22.4c6.4 0 12.8-6.4 12.8-12.8V204.8c0-6.4-6.4-12.8-12.8-12.8h-22.4c-6.4 0-12.8 6.4-12.8 12.8v134.4c0 6.4 6.4 12.8 12.8 12.8zM496 400H48V80c0-8.84-7.16-16-16-16H16C7.16 64 0 71.16 0 80v336c0 17.67 14.33 32 32 32h464c8.84 0 16-7.16 16-16v-16c0-8.84-7.16-16-16-16zm-387.2-48h22.4c6.4 0 12.8-6.4 12.8-12.8v-70.4c0-6.4-6.4-12.8-12.8-12.8h-22.4c-6.4 0-12.8 6.4-12.8 12.8v70.4c0 6.4 6.4 12.8 12.8 12.8z\" class=\"\"><\/path><\/svg><\/i> &nbsp;2,001&nbsp;total views<\/p><div class=\"pvc_clear\"><\/div>","protected":false},"excerpt":{"rendered":"<p>Nossa Hist\u00f3ria: Por que os Gatos Siberianos? O Gatil Forest Passion nasceu de uma paix\u00e3o inesperada pelos Gatos Siberianos. Nunca tivemos gatos! H\u00e1 poucos anos atr\u00e1s, as \u00fanicas bolas de p\u00ealos que nos lambiam eram os nossos lindos c\u00e3ezinhos. Quando nos mudamos para S\u00e3o Paulo, a nossa cadelinha Brena&nbsp;preferiu morar com os nossos pais. Pelo &hellip; <\/p>\n<p class=\"link-more\"><a href=\"https:\/\/gatosiberiano.com.br\/?page_id=145\" class=\"more-link\">Continue lendo<span class=\"screen-reader-text\"> &#8220;NOSSA HIST\u00d3RIA&#8221;<\/span><\/a><\/p>\n<div class=\"pvc_clear\"><\/div>\n<p class=\"pvc_stats all \" data-element-id=\"145\" style=\"\"><i class=\"pvc-stats-icon medium\" aria-hidden=\"true\"><svg aria-hidden=\"true\" focusable=\"false\" data-prefix=\"far\" data-icon=\"chart-bar\" role=\"img\" xmlns=\"http:\/\/www.w3.org\/2000\/svg\" viewBox=\"0 0 512 512\" class=\"svg-inline--fa fa-chart-bar fa-w-16 fa-2x\"><path fill=\"currentColor\" d=\"M396.8 352h22.4c6.4 0 12.8-6.4 12.8-12.8V108.8c0-6.4-6.4-12.8-12.8-12.8h-22.4c-6.4 0-12.8 6.4-12.8 12.8v230.4c0 6.4 6.4 12.8 12.8 12.8zm-192 0h22.4c6.4 0 12.8-6.4 12.8-12.8V140.8c0-6.4-6.4-12.8-12.8-12.8h-22.4c-6.4 0-12.8 6.4-12.8 12.8v198.4c0 6.4 6.4 12.8 12.8 12.8zm96 0h22.4c6.4 0 12.8-6.4 12.8-12.8V204.8c0-6.4-6.4-12.8-12.8-12.8h-22.4c-6.4 0-12.8 6.4-12.8 12.8v134.4c0 6.4 6.4 12.8 12.8 12.8zM496 400H48V80c0-8.84-7.16-16-16-16H16C7.16 64 0 71.16 0 80v336c0 17.67 14.33 32 32 32h464c8.84 0 16-7.16 16-16v-16c0-8.84-7.16-16-16-16zm-387.2-48h22.4c6.4 0 12.8-6.4 12.8-12.8v-70.4c0-6.4-6.4-12.8-12.8-12.8h-22.4c-6.4 0-12.8 6.4-12.8 12.8v70.4c0 6.4 6.4 12.8 12.8 12.8z\" class=\"\"><\/path><\/svg><\/i> &nbsp;2,001&nbsp;total views<\/p>\n<div class=\"pvc_clear\"><\/div>\n","protected":false},"author":1,"featured_media":0,"parent":0,"menu_order":0,"comment_status":"closed","ping_status":"closed","template":"","meta":[],"yoast_head":"<!-- This site is optimized with the Yoast SEO plugin v20.4 - https:\/\/yoast.com\/wordpress\/plugins\/seo\/ -->\n<title>NOSSA HIST\u00d3RIA | Gatil Forest Passion<\/title>\n<meta name=\"robots\" content=\"index, follow, max-snippet:-1, max-image-preview:large, max-video-preview:-1\" \/>\n<link rel=\"canonical\" href=\"https:\/\/gatosiberiano.com.br\/?page_id=145\" \/>\n<meta property=\"og:locale\" content=\"pt_BR\" \/>\n<meta property=\"og:type\" content=\"article\" \/>\n<meta property=\"og:title\" content=\"NOSSA HIST\u00d3RIA | Gatil Forest Passion\" \/>\n<meta property=\"og:description\" content=\"Nossa Hist\u00f3ria: Por que os Gatos Siberianos? O Gatil Forest Passion nasceu de uma paix\u00e3o inesperada pelos Gatos Siberianos. Nunca tivemos gatos! H\u00e1 poucos anos atr\u00e1s, as \u00fanicas bolas de p\u00ealos que nos lambiam eram os nossos lindos c\u00e3ezinhos. Quando nos mudamos para S\u00e3o Paulo, a nossa cadelinha Brena&nbsp;preferiu morar com os nossos pais. Pelo &hellip; Continue lendo &quot;NOSSA HIST\u00d3RIA&quot;\" \/>\n<meta property=\"og:url\" content=\"https:\/\/gatosiberiano.com.br\/?page_id=145\" \/>\n<meta property=\"og:site_name\" content=\"Gatil Forest Passion\" \/>\n<meta property=\"article:publisher\" content=\"https:\/\/www.facebook.com\/forestpassion\" \/>\n<meta property=\"article:modified_time\" content=\"2022-04-06T04:33:13+00:00\" \/>\n<meta property=\"og:image\" content=\"http:\/\/gatosiberiano.com.br\/wp-content\/uploads\/2022\/04\/Breninha-2.png\" \/>\n<meta name=\"twitter:card\" content=\"summary_large_image\" \/>\n<meta name=\"twitter:label1\" content=\"Est. tempo de leitura\" \/>\n\t<meta name=\"twitter:data1\" content=\"3 minutos\" \/>\n<script type=\"application\/ld+json\" class=\"yoast-schema-graph\">{\"@context\":\"https:\/\/schema.org\",\"@graph\":[{\"@type\":\"WebPage\",\"@id\":\"https:\/\/gatosiberiano.com.br\/?page_id=145\",\"url\":\"https:\/\/gatosiberiano.com.br\/?page_id=145\",\"name\":\"NOSSA HIST\u00d3RIA | Gatil Forest Passion\",\"isPartOf\":{\"@id\":\"https:\/\/gatosiberiano.com.br\/#website\"},\"datePublished\":\"2022-04-06T01:39:46+00:00\",\"dateModified\":\"2022-04-06T04:33:13+00:00\",\"breadcrumb\":{\"@id\":\"https:\/\/gatosiberiano.com.br\/?page_id=145#breadcrumb\"},\"inLanguage\":\"pt-BR\",\"potentialAction\":[{\"@type\":\"ReadAction\",\"target\":[\"https:\/\/gatosiberiano.com.br\/?page_id=145\"]}]},{\"@type\":\"BreadcrumbList\",\"@id\":\"https:\/\/gatosiberiano.com.br\/?page_id=145#breadcrumb\",\"itemListElement\":[{\"@type\":\"ListItem\",\"position\":1,\"name\":\"In\u00edcio\",\"item\":\"https:\/\/gatosiberiano.com.br\/\"},{\"@type\":\"ListItem\",\"position\":2,\"name\":\"NOSSA HIST\u00d3RIA\"}]},{\"@type\":\"WebSite\",\"@id\":\"https:\/\/gatosiberiano.com.br\/#website\",\"url\":\"https:\/\/gatosiberiano.com.br\/\",\"name\":\"Gatil Forest Passion\",\"description\":\"Gatil de Gato Siberiano em S\u00e3o Paulo\",\"publisher\":{\"@id\":\"https:\/\/gatosiberiano.com.br\/#organization\"},\"alternateName\":\"Gato Siberiano Brasil\",\"potentialAction\":[{\"@type\":\"SearchAction\",\"target\":{\"@type\":\"EntryPoint\",\"urlTemplate\":\"https:\/\/gatosiberiano.com.br\/?s={search_term_string}\"},\"query-input\":\"required name=search_term_string\"}],\"inLanguage\":\"pt-BR\"},{\"@type\":\"Organization\",\"@id\":\"https:\/\/gatosiberiano.com.br\/#organization\",\"name\":\"Gatil Forest Passion\",\"alternateName\":\"Gato Siberiano Brasil\",\"url\":\"https:\/\/gatosiberiano.com.br\/\",\"logo\":{\"@type\":\"ImageObject\",\"inLanguage\":\"pt-BR\",\"@id\":\"https:\/\/gatosiberiano.com.br\/#\/schema\/logo\/image\/\",\"url\":\"https:\/\/gatosiberiano.com.br\/wp-content\/uploads\/2022\/04\/cropped-Gatil-Forest-Passion_Logo_JV_8_v2_OK_s_fundo.png\",\"contentUrl\":\"https:\/\/gatosiberiano.com.br\/wp-content\/uploads\/2022\/04\/cropped-Gatil-Forest-Passion_Logo_JV_8_v2_OK_s_fundo.png\",\"width\":328,\"height\":250,\"caption\":\"Gatil Forest Passion\"},\"image\":{\"@id\":\"https:\/\/gatosiberiano.com.br\/#\/schema\/logo\/image\/\"},\"sameAs\":[\"https:\/\/www.facebook.com\/forestpassion\",\"https:\/\/www.instagram.com\/gatosiberianobrasil\",\"https:\/\/www.instagram.com\/forestpassion\"]}]}<\/script>\n<!-- \/ Yoast SEO plugin. -->","yoast_head_json":{"title":"NOSSA HIST\u00d3RIA | Gatil Forest Passion","robots":{"index":"index","follow":"follow","max-snippet":"max-snippet:-1","max-image-preview":"max-image-preview:large","max-video-preview":"max-video-preview:-1"},"canonical":"https:\/\/gatosiberiano.com.br\/?page_id=145","og_locale":"pt_BR","og_type":"article","og_title":"NOSSA HIST\u00d3RIA | Gatil Forest Passion","og_description":"Nossa Hist\u00f3ria: Por que os Gatos Siberianos? O Gatil Forest Passion nasceu de uma paix\u00e3o inesperada pelos Gatos Siberianos. Nunca tivemos gatos! H\u00e1 poucos anos atr\u00e1s, as \u00fanicas bolas de p\u00ealos que nos lambiam eram os nossos lindos c\u00e3ezinhos. Quando nos mudamos para S\u00e3o Paulo, a nossa cadelinha Brena&nbsp;preferiu morar com os nossos pais. Pelo &hellip; Continue lendo \"NOSSA HIST\u00d3RIA\"","og_url":"https:\/\/gatosiberiano.com.br\/?page_id=145","og_site_name":"Gatil Forest Passion","article_publisher":"https:\/\/www.facebook.com\/forestpassion","article_modified_time":"2022-04-06T04:33:13+00:00","og_image":[{"url":"http:\/\/gatosiberiano.com.br\/wp-content\/uploads\/2022\/04\/Breninha-2.png"}],"twitter_card":"summary_large_image","twitter_misc":{"Est. tempo de leitura":"3 minutos"},"schema":{"@context":"https:\/\/schema.org","@graph":[{"@type":"WebPage","@id":"https:\/\/gatosiberiano.com.br\/?page_id=145","url":"https:\/\/gatosiberiano.com.br\/?page_id=145","name":"NOSSA HIST\u00d3RIA | Gatil Forest Passion","isPartOf":{"@id":"https:\/\/gatosiberiano.com.br\/#website"},"datePublished":"2022-04-06T01:39:46+00:00","dateModified":"2022-04-06T04:33:13+00:00","breadcrumb":{"@id":"https:\/\/gatosiberiano.com.br\/?page_id=145#breadcrumb"},"inLanguage":"pt-BR","potentialAction":[{"@type":"ReadAction","target":["https:\/\/gatosiberiano.com.br\/?page_id=145"]}]},{"@type":"BreadcrumbList","@id":"https:\/\/gatosiberiano.com.br\/?page_id=145#breadcrumb","itemListElement":[{"@type":"ListItem","position":1,"name":"In\u00edcio","item":"https:\/\/gatosiberiano.com.br\/"},{"@type":"ListItem","position":2,"name":"NOSSA HIST\u00d3RIA"}]},{"@type":"WebSite","@id":"https:\/\/gatosiberiano.com.br\/#website","url":"https:\/\/gatosiberiano.com.br\/","name":"Gatil Forest Passion","description":"Gatil de Gato Siberiano em S\u00e3o Paulo","publisher":{"@id":"https:\/\/gatosiberiano.com.br\/#organization"},"alternateName":"Gato Siberiano Brasil","potentialAction":[{"@type":"SearchAction","target":{"@type":"EntryPoint","urlTemplate":"https:\/\/gatosiberiano.com.br\/?s={search_term_string}"},"query-input":"required name=search_term_string"}],"inLanguage":"pt-BR"},{"@type":"Organization","@id":"https:\/\/gatosiberiano.com.br\/#organization","name":"Gatil Forest Passion","alternateName":"Gato Siberiano Brasil","url":"https:\/\/gatosiberiano.com.br\/","logo":{"@type":"ImageObject","inLanguage":"pt-BR","@id":"https:\/\/gatosiberiano.com.br\/#\/schema\/logo\/image\/","url":"https:\/\/gatosiberiano.com.br\/wp-content\/uploads\/2022\/04\/cropped-Gatil-Forest-Passion_Logo_JV_8_v2_OK_s_fundo.png","contentUrl":"https:\/\/gatosiberiano.com.br\/wp-content\/uploads\/2022\/04\/cropped-Gatil-Forest-Passion_Logo_JV_8_v2_OK_s_fundo.png","width":328,"height":250,"caption":"Gatil Forest Passion"},"image":{"@id":"https:\/\/gatosiberiano.com.br\/#\/schema\/logo\/image\/"},"sameAs":["https:\/\/www.facebook.com\/forestpassion","https:\/\/www.instagram.com\/gatosiberianobrasil","https:\/\/www.instagram.com\/forestpassion"]}]}},"_links":{"self":[{"href":"https:\/\/gatosiberiano.com.br\/index.php?rest_route=\/wp\/v2\/pages\/145"}],"collection":[{"href":"https:\/\/gatosiberiano.com.br\/index.php?rest_route=\/wp\/v2\/pages"}],"about":[{"href":"https:\/\/gatosiberiano.com.br\/index.php?rest_route=\/wp\/v2\/types\/page"}],"author":[{"embeddable":true,"href":"https:\/\/gatosiberiano.com.br\/index.php?rest_route=\/wp\/v2\/users\/1"}],"replies":[{"embeddable":true,"href":"https:\/\/gatosiberiano.com.br\/index.php?rest_route=%2Fwp%2Fv2%2Fcomments&post=145"}],"version-history":[{"count":9,"href":"https:\/\/gatosiberiano.com.br\/index.php?rest_route=\/wp\/v2\/pages\/145\/revisions"}],"predecessor-version":[{"id":220,"href":"https:\/\/gatosiberiano.com.br\/index.php?rest_route=\/wp\/v2\/pages\/145\/revisions\/220"}],"wp:attachment":[{"href":"https:\/\/gatosiberiano.com.br\/index.php?rest_route=%2Fwp%2Fv2%2Fmedia&parent=145"}],"curies":[{"name":"wp","href":"https:\/\/api.w.org\/{rel}","templated":true}]}}