{"id":79,"date":"2022-04-05T19:20:50","date_gmt":"2022-04-05T19:20:50","guid":{"rendered":"http:\/\/gatosiberiano.com.br\/?page_id=79"},"modified":"2022-04-14T14:51:00","modified_gmt":"2022-04-14T17:51:00","slug":"raca-hipoalergenica","status":"publish","type":"page","link":"https:\/\/gatosiberiano.com.br\/?page_id=79","title":{"rendered":"Ra\u00e7a Hipoalerg\u00eanica"},"content":{"rendered":"\n<figure class=\"wp-block-image size-full is-resized\" id=\"attachment_1796\"><img decoding=\"async\" loading=\"lazy\" src=\"https:\/\/gatosiberiano.com.br\/wp-content\/uploads\/2022\/04\/6B16B4A0-74EF-492C-B694-5F71DAD21EA2.jpeg\" alt=\"\" class=\"wp-image-265\" width=\"657\" height=\"486\" srcset=\"https:\/\/gatosiberiano.com.br\/wp-content\/uploads\/2022\/04\/6B16B4A0-74EF-492C-B694-5F71DAD21EA2.jpeg 612w, https:\/\/gatosiberiano.com.br\/wp-content\/uploads\/2022\/04\/6B16B4A0-74EF-492C-B694-5F71DAD21EA2-300x223.jpeg 300w\" sizes=\"(max-width: 657px) 100vw, 657px\" \/><figcaption>Gato Siberiano, uma ra\u00e7a Hipoalerg\u00eanica<\/figcaption><\/figure>\n\n\n\n<p>A \u201c<em><strong>alergia&nbsp;aos gatos<\/strong>\u201d&nbsp;<\/em>n\u00e3o adv\u00e9m propriamente do p\u00ealo, mas sim de uma subst\u00e2ncia produzida na saliva dos felinos, a&nbsp;<em>prote\u00edna<\/em>&nbsp;<strong>FELD1<\/strong>.&nbsp;<\/p>\n\n\n\n<p>Os gatos espalham essa prote\u00edna quando se lambem e a saliva evapora, criando uma caspa quase invis\u00edvel que causa alergia em alguns humanos.&nbsp;<\/p>\n\n\n\n<div class=\"wp-block-image\"><figure class=\"alignleft size-full is-resized\"><img decoding=\"async\" loading=\"lazy\" src=\"https:\/\/gatosiberiano.com.br\/wp-content\/uploads\/2022\/04\/72D9FB89-24ED-45C6-9B08-63033A19B833.jpeg\" alt=\"\" class=\"wp-image-266\" width=\"465\" height=\"345\" srcset=\"https:\/\/gatosiberiano.com.br\/wp-content\/uploads\/2022\/04\/72D9FB89-24ED-45C6-9B08-63033A19B833.jpeg 612w, https:\/\/gatosiberiano.com.br\/wp-content\/uploads\/2022\/04\/72D9FB89-24ED-45C6-9B08-63033A19B833-300x223.jpeg 300w\" sizes=\"(max-width: 465px) 100vw, 465px\" \/><\/figure><\/div>\n\n\n\n<p>A realiza\u00e7\u00e3o de diversos estudos pela Universidade da Calif\u00f3rnia em Davis, comprovaram a produ\u00e7\u00e3o reduzida&nbsp;ou mesmo ausente da prote\u00edna&nbsp;<em><strong>Feld1<\/strong><\/em>&nbsp;nos gatos siberianos.&nbsp;<\/p>\n\n\n\n<p>Em resumo, uma pessoa al\u00e9rgica ter\u00e1 mais chances de conviver com um Siberiano sem problemas, do que com um gato de outras ra\u00e7as.<\/p>\n\n\n\n<p>Para saber mais sobre a quest\u00e3o hipoalerg\u00eanica do gato siberiano, visite o\u00a0<strong><a href=\"http:\/\/www.siberianresearch.com\/cat-allergies\/\">site<\/a>\u00a0<\/strong>da pesquisa. <\/p>\n\n\n<a class=\"maxbutton-5 maxbutton maxbutton-voltar\" href=\"\/\"><span class='mb-text'>Voltar<\/span><\/a><div class=\"pvc_clear\"><\/div><p class=\"pvc_stats all \" data-element-id=\"79\" style=\"\"><i class=\"pvc-stats-icon medium\" aria-hidden=\"true\"><svg aria-hidden=\"true\" focusable=\"false\" data-prefix=\"far\" data-icon=\"chart-bar\" role=\"img\" xmlns=\"http:\/\/www.w3.org\/2000\/svg\" viewBox=\"0 0 512 512\" class=\"svg-inline--fa fa-chart-bar fa-w-16 fa-2x\"><path fill=\"currentColor\" d=\"M396.8 352h22.4c6.4 0 12.8-6.4 12.8-12.8V108.8c0-6.4-6.4-12.8-12.8-12.8h-22.4c-6.4 0-12.8 6.4-12.8 12.8v230.4c0 6.4 6.4 12.8 12.8 12.8zm-192 0h22.4c6.4 0 12.8-6.4 12.8-12.8V140.8c0-6.4-6.4-12.8-12.8-12.8h-22.4c-6.4 0-12.8 6.4-12.8 12.8v198.4c0 6.4 6.4 12.8 12.8 12.8zm96 0h22.4c6.4 0 12.8-6.4 12.8-12.8V204.8c0-6.4-6.4-12.8-12.8-12.8h-22.4c-6.4 0-12.8 6.4-12.8 12.8v134.4c0 6.4 6.4 12.8 12.8 12.8zM496 400H48V80c0-8.84-7.16-16-16-16H16C7.16 64 0 71.16 0 80v336c0 17.67 14.33 32 32 32h464c8.84 0 16-7.16 16-16v-16c0-8.84-7.16-16-16-16zm-387.2-48h22.4c6.4 0 12.8-6.4 12.8-12.8v-70.4c0-6.4-6.4-12.8-12.8-12.8h-22.4c-6.4 0-12.8 6.4-12.8 12.8v70.4c0 6.4 6.4 12.8 12.8 12.8z\" class=\"\"><\/path><\/svg><\/i> &nbsp;2,188&nbsp;total views<\/p><div class=\"pvc_clear\"><\/div>","protected":false},"excerpt":{"rendered":"<p>A \u201calergia&nbsp;aos gatos\u201d&nbsp;n\u00e3o adv\u00e9m propriamente do p\u00ealo, mas sim de uma subst\u00e2ncia produzida na saliva dos felinos, a&nbsp;prote\u00edna&nbsp;FELD1.&nbsp; Os gatos espalham essa prote\u00edna quando se lambem e a saliva evapora, criando uma caspa quase invis\u00edvel que causa alergia em alguns humanos.&nbsp; A realiza\u00e7\u00e3o de diversos estudos pela Universidade da Calif\u00f3rnia em Davis, comprovaram a produ\u00e7\u00e3o &hellip; <\/p>\n<p class=\"link-more\"><a href=\"https:\/\/gatosiberiano.com.br\/?page_id=79\" class=\"more-link\">Continue lendo<span class=\"screen-reader-text\"> &#8220;Ra\u00e7a Hipoalerg\u00eanica&#8221;<\/span><\/a><\/p>\n<div class=\"pvc_clear\"><\/div>\n<p class=\"pvc_stats all \" data-element-id=\"79\" style=\"\"><i class=\"pvc-stats-icon medium\" aria-hidden=\"true\"><svg aria-hidden=\"true\" focusable=\"false\" data-prefix=\"far\" data-icon=\"chart-bar\" role=\"img\" xmlns=\"http:\/\/www.w3.org\/2000\/svg\" viewBox=\"0 0 512 512\" class=\"svg-inline--fa fa-chart-bar fa-w-16 fa-2x\"><path fill=\"currentColor\" d=\"M396.8 352h22.4c6.4 0 12.8-6.4 12.8-12.8V108.8c0-6.4-6.4-12.8-12.8-12.8h-22.4c-6.4 0-12.8 6.4-12.8 12.8v230.4c0 6.4 6.4 12.8 12.8 12.8zm-192 0h22.4c6.4 0 12.8-6.4 12.8-12.8V140.8c0-6.4-6.4-12.8-12.8-12.8h-22.4c-6.4 0-12.8 6.4-12.8 12.8v198.4c0 6.4 6.4 12.8 12.8 12.8zm96 0h22.4c6.4 0 12.8-6.4 12.8-12.8V204.8c0-6.4-6.4-12.8-12.8-12.8h-22.4c-6.4 0-12.8 6.4-12.8 12.8v134.4c0 6.4 6.4 12.8 12.8 12.8zM496 400H48V80c0-8.84-7.16-16-16-16H16C7.16 64 0 71.16 0 80v336c0 17.67 14.33 32 32 32h464c8.84 0 16-7.16 16-16v-16c0-8.84-7.16-16-16-16zm-387.2-48h22.4c6.4 0 12.8-6.4 12.8-12.8v-70.4c0-6.4-6.4-12.8-12.8-12.8h-22.4c-6.4 0-12.8 6.4-12.8 12.8v70.4c0 6.4 6.4 12.8 12.8 12.8z\" class=\"\"><\/path><\/svg><\/i> &nbsp;2,188&nbsp;total views<\/p>\n<div class=\"pvc_clear\"><\/div>\n","protected":false},"author":1,"featured_media":0,"parent":0,"menu_order":0,"comment_status":"closed","ping_status":"closed","template":"","meta":[],"yoast_head":"<!-- This site is optimized with the Yoast SEO plugin v20.4 - https:\/\/yoast.com\/wordpress\/plugins\/seo\/ -->\n<title>Ra\u00e7a Hipoalerg\u00eanica | Gatil Forest Passion<\/title>\n<meta name=\"robots\" content=\"index, follow, max-snippet:-1, max-image-preview:large, max-video-preview:-1\" \/>\n<link rel=\"canonical\" href=\"https:\/\/gatosiberiano.com.br\/?page_id=79\" \/>\n<meta property=\"og:locale\" content=\"pt_BR\" \/>\n<meta property=\"og:type\" content=\"article\" \/>\n<meta property=\"og:title\" content=\"Ra\u00e7a Hipoalerg\u00eanica | Gatil Forest Passion\" \/>\n<meta property=\"og:description\" content=\"A \u201calergia&nbsp;aos gatos\u201d&nbsp;n\u00e3o adv\u00e9m propriamente do p\u00ealo, mas sim de uma subst\u00e2ncia produzida na saliva dos felinos, a&nbsp;prote\u00edna&nbsp;FELD1.&nbsp; Os gatos espalham essa prote\u00edna quando se lambem e a saliva evapora, criando uma caspa quase invis\u00edvel que causa alergia em alguns humanos.&nbsp; A realiza\u00e7\u00e3o de diversos estudos pela Universidade da Calif\u00f3rnia em Davis, comprovaram a produ\u00e7\u00e3o &hellip; Continue lendo &quot;Ra\u00e7a Hipoalerg\u00eanica&quot;\" \/>\n<meta property=\"og:url\" content=\"https:\/\/gatosiberiano.com.br\/?page_id=79\" \/>\n<meta property=\"og:site_name\" content=\"Gatil Forest Passion\" \/>\n<meta property=\"article:publisher\" content=\"https:\/\/www.facebook.com\/forestpassion\" \/>\n<meta property=\"article:modified_time\" content=\"2022-04-14T17:51:00+00:00\" \/>\n<meta property=\"og:image\" content=\"https:\/\/gatosiberiano.com.br\/wp-content\/uploads\/2022\/04\/6B16B4A0-74EF-492C-B694-5F71DAD21EA2.jpeg\" \/>\n<meta name=\"twitter:card\" content=\"summary_large_image\" \/>\n<meta name=\"twitter:label1\" content=\"Est. tempo de leitura\" \/>\n\t<meta name=\"twitter:data1\" content=\"1 minuto\" \/>\n<script type=\"application\/ld+json\" class=\"yoast-schema-graph\">{\"@context\":\"https:\/\/schema.org\",\"@graph\":[{\"@type\":\"WebPage\",\"@id\":\"https:\/\/gatosiberiano.com.br\/?page_id=79\",\"url\":\"https:\/\/gatosiberiano.com.br\/?page_id=79\",\"name\":\"Ra\u00e7a Hipoalerg\u00eanica | Gatil Forest Passion\",\"isPartOf\":{\"@id\":\"https:\/\/gatosiberiano.com.br\/#website\"},\"datePublished\":\"2022-04-05T19:20:50+00:00\",\"dateModified\":\"2022-04-14T17:51:00+00:00\",\"breadcrumb\":{\"@id\":\"https:\/\/gatosiberiano.com.br\/?page_id=79#breadcrumb\"},\"inLanguage\":\"pt-BR\",\"potentialAction\":[{\"@type\":\"ReadAction\",\"target\":[\"https:\/\/gatosiberiano.com.br\/?page_id=79\"]}]},{\"@type\":\"BreadcrumbList\",\"@id\":\"https:\/\/gatosiberiano.com.br\/?page_id=79#breadcrumb\",\"itemListElement\":[{\"@type\":\"ListItem\",\"position\":1,\"name\":\"In\u00edcio\",\"item\":\"https:\/\/gatosiberiano.com.br\/\"},{\"@type\":\"ListItem\",\"position\":2,\"name\":\"Ra\u00e7a Hipoalerg\u00eanica\"}]},{\"@type\":\"WebSite\",\"@id\":\"https:\/\/gatosiberiano.com.br\/#website\",\"url\":\"https:\/\/gatosiberiano.com.br\/\",\"name\":\"Gatil Forest Passion\",\"description\":\"Gatil de Gato Siberiano em S\u00e3o Paulo\",\"publisher\":{\"@id\":\"https:\/\/gatosiberiano.com.br\/#organization\"},\"alternateName\":\"Gato Siberiano Brasil\",\"potentialAction\":[{\"@type\":\"SearchAction\",\"target\":{\"@type\":\"EntryPoint\",\"urlTemplate\":\"https:\/\/gatosiberiano.com.br\/?s={search_term_string}\"},\"query-input\":\"required name=search_term_string\"}],\"inLanguage\":\"pt-BR\"},{\"@type\":\"Organization\",\"@id\":\"https:\/\/gatosiberiano.com.br\/#organization\",\"name\":\"Gatil Forest Passion\",\"alternateName\":\"Gato Siberiano Brasil\",\"url\":\"https:\/\/gatosiberiano.com.br\/\",\"logo\":{\"@type\":\"ImageObject\",\"inLanguage\":\"pt-BR\",\"@id\":\"https:\/\/gatosiberiano.com.br\/#\/schema\/logo\/image\/\",\"url\":\"https:\/\/gatosiberiano.com.br\/wp-content\/uploads\/2022\/04\/cropped-Gatil-Forest-Passion_Logo_JV_8_v2_OK_s_fundo.png\",\"contentUrl\":\"https:\/\/gatosiberiano.com.br\/wp-content\/uploads\/2022\/04\/cropped-Gatil-Forest-Passion_Logo_JV_8_v2_OK_s_fundo.png\",\"width\":328,\"height\":250,\"caption\":\"Gatil Forest Passion\"},\"image\":{\"@id\":\"https:\/\/gatosiberiano.com.br\/#\/schema\/logo\/image\/\"},\"sameAs\":[\"https:\/\/www.facebook.com\/forestpassion\",\"https:\/\/www.instagram.com\/gatosiberianobrasil\",\"https:\/\/www.instagram.com\/forestpassion\"]}]}<\/script>\n<!-- \/ Yoast SEO plugin. -->","yoast_head_json":{"title":"Ra\u00e7a Hipoalerg\u00eanica | Gatil Forest Passion","robots":{"index":"index","follow":"follow","max-snippet":"max-snippet:-1","max-image-preview":"max-image-preview:large","max-video-preview":"max-video-preview:-1"},"canonical":"https:\/\/gatosiberiano.com.br\/?page_id=79","og_locale":"pt_BR","og_type":"article","og_title":"Ra\u00e7a Hipoalerg\u00eanica | Gatil Forest Passion","og_description":"A \u201calergia&nbsp;aos gatos\u201d&nbsp;n\u00e3o adv\u00e9m propriamente do p\u00ealo, mas sim de uma subst\u00e2ncia produzida na saliva dos felinos, a&nbsp;prote\u00edna&nbsp;FELD1.&nbsp; Os gatos espalham essa prote\u00edna quando se lambem e a saliva evapora, criando uma caspa quase invis\u00edvel que causa alergia em alguns humanos.&nbsp; A realiza\u00e7\u00e3o de diversos estudos pela Universidade da Calif\u00f3rnia em Davis, comprovaram a produ\u00e7\u00e3o &hellip; Continue lendo \"Ra\u00e7a Hipoalerg\u00eanica\"","og_url":"https:\/\/gatosiberiano.com.br\/?page_id=79","og_site_name":"Gatil Forest Passion","article_publisher":"https:\/\/www.facebook.com\/forestpassion","article_modified_time":"2022-04-14T17:51:00+00:00","og_image":[{"url":"https:\/\/gatosiberiano.com.br\/wp-content\/uploads\/2022\/04\/6B16B4A0-74EF-492C-B694-5F71DAD21EA2.jpeg"}],"twitter_card":"summary_large_image","twitter_misc":{"Est. tempo de leitura":"1 minuto"},"schema":{"@context":"https:\/\/schema.org","@graph":[{"@type":"WebPage","@id":"https:\/\/gatosiberiano.com.br\/?page_id=79","url":"https:\/\/gatosiberiano.com.br\/?page_id=79","name":"Ra\u00e7a Hipoalerg\u00eanica | Gatil Forest Passion","isPartOf":{"@id":"https:\/\/gatosiberiano.com.br\/#website"},"datePublished":"2022-04-05T19:20:50+00:00","dateModified":"2022-04-14T17:51:00+00:00","breadcrumb":{"@id":"https:\/\/gatosiberiano.com.br\/?page_id=79#breadcrumb"},"inLanguage":"pt-BR","potentialAction":[{"@type":"ReadAction","target":["https:\/\/gatosiberiano.com.br\/?page_id=79"]}]},{"@type":"BreadcrumbList","@id":"https:\/\/gatosiberiano.com.br\/?page_id=79#breadcrumb","itemListElement":[{"@type":"ListItem","position":1,"name":"In\u00edcio","item":"https:\/\/gatosiberiano.com.br\/"},{"@type":"ListItem","position":2,"name":"Ra\u00e7a Hipoalerg\u00eanica"}]},{"@type":"WebSite","@id":"https:\/\/gatosiberiano.com.br\/#website","url":"https:\/\/gatosiberiano.com.br\/","name":"Gatil Forest Passion","description":"Gatil de Gato Siberiano em S\u00e3o Paulo","publisher":{"@id":"https:\/\/gatosiberiano.com.br\/#organization"},"alternateName":"Gato Siberiano Brasil","potentialAction":[{"@type":"SearchAction","target":{"@type":"EntryPoint","urlTemplate":"https:\/\/gatosiberiano.com.br\/?s={search_term_string}"},"query-input":"required name=search_term_string"}],"inLanguage":"pt-BR"},{"@type":"Organization","@id":"https:\/\/gatosiberiano.com.br\/#organization","name":"Gatil Forest Passion","alternateName":"Gato Siberiano Brasil","url":"https:\/\/gatosiberiano.com.br\/","logo":{"@type":"ImageObject","inLanguage":"pt-BR","@id":"https:\/\/gatosiberiano.com.br\/#\/schema\/logo\/image\/","url":"https:\/\/gatosiberiano.com.br\/wp-content\/uploads\/2022\/04\/cropped-Gatil-Forest-Passion_Logo_JV_8_v2_OK_s_fundo.png","contentUrl":"https:\/\/gatosiberiano.com.br\/wp-content\/uploads\/2022\/04\/cropped-Gatil-Forest-Passion_Logo_JV_8_v2_OK_s_fundo.png","width":328,"height":250,"caption":"Gatil Forest Passion"},"image":{"@id":"https:\/\/gatosiberiano.com.br\/#\/schema\/logo\/image\/"},"sameAs":["https:\/\/www.facebook.com\/forestpassion","https:\/\/www.instagram.com\/gatosiberianobrasil","https:\/\/www.instagram.com\/forestpassion"]}]}},"_links":{"self":[{"href":"https:\/\/gatosiberiano.com.br\/index.php?rest_route=\/wp\/v2\/pages\/79"}],"collection":[{"href":"https:\/\/gatosiberiano.com.br\/index.php?rest_route=\/wp\/v2\/pages"}],"about":[{"href":"https:\/\/gatosiberiano.com.br\/index.php?rest_route=\/wp\/v2\/types\/page"}],"author":[{"embeddable":true,"href":"https:\/\/gatosiberiano.com.br\/index.php?rest_route=\/wp\/v2\/users\/1"}],"replies":[{"embeddable":true,"href":"https:\/\/gatosiberiano.com.br\/index.php?rest_route=%2Fwp%2Fv2%2Fcomments&post=79"}],"version-history":[{"count":13,"href":"https:\/\/gatosiberiano.com.br\/index.php?rest_route=\/wp\/v2\/pages\/79\/revisions"}],"predecessor-version":[{"id":286,"href":"https:\/\/gatosiberiano.com.br\/index.php?rest_route=\/wp\/v2\/pages\/79\/revisions\/286"}],"wp:attachment":[{"href":"https:\/\/gatosiberiano.com.br\/index.php?rest_route=%2Fwp%2Fv2%2Fmedia&parent=79"}],"curies":[{"name":"wp","href":"https:\/\/api.w.org\/{rel}","templated":true}]}}